{"id":263,"date":"2026-02-27T16:35:10","date_gmt":"2026-02-27T15:35:10","guid":{"rendered":"http:\/\/staging.equi-news.de\/?page_id=263"},"modified":"2026-02-27T17:03:37","modified_gmt":"2026-02-27T16:03:37","slug":"datenschutzerklaerung-2","status":"publish","type":"page","link":"https:\/\/equi-news.de\/de\/datenschutzerklaerung-2\/","title":{"rendered":"Datenschutzerkl\u00e4rung"},"content":{"rendered":"<div data-elementor-type=\"wp-page\" data-elementor-id=\"263\" class=\"elementor elementor-263\" data-elementor-post-type=\"page\">\n\t\t\t\t<div class=\"elementor-element elementor-element-5f4af7d e-flex e-con-boxed e-con e-parent\" data-id=\"5f4af7d\" data-element_type=\"container\" data-e-type=\"container\">\n\t\t\t\t\t<div class=\"e-con-inner\">\n\t\t\t\t<div class=\"elementor-element elementor-element-4da81bc elementor-widget elementor-widget-text-editor\" data-id=\"4da81bc\" data-element_type=\"widget\" data-e-type=\"widget\" data-widget_type=\"text-editor.default\">\n\t\t\t\t\t\t\t\t\t<div class=\"text-pri\"><h2 class=\"h2-text\">Privacy Policy<\/h2><p><strong>(For German see below the English text)<\/strong><\/p><h3>1.\u00a0 Name and Contact Details of the Data Controller<\/h3><p>This privacy policy applies to data processing by:<\/p><p>Equi-News.de \/ Equi-News.com \/ Equi-News.ae,<\/p><p>powered by be\u00b0st media Press Service \u2666 J\u00f6rg Stils \u2666 Reinerstra\u00dfe 3 \u2666 D-40593 D\u00fcsseldorf<\/p><h3>2.\u00a0 Collection and Storage of Personal Data and the Nature and Purpose of its Use<\/h3><p>When you visit our website <a href=\"http:\/\/www.equi-news.de\/ww.equi-news.com\">http:\/\/www.equi-news.de\/ww.equi-news.com<\/a> \/ <a href=\"http:\/\/www.equi-news.ae\/\">www.equi-news.ae,<\/a> the browser used on your device automatically sends information to our website&#8217;s server. This information is temporarily stored in a log file. The following information is collected automatically without your intervention and stored until its automated deletion:<\/p><ul><li>IP address of the requesting computer,<\/li><li>Date and time of access,<\/li><li>Name and URL of the retrieved file,<\/li><li>Website from which access was made (referrer URL),<\/li><li>Browser used and, if applicable, the operating system of your computer and the name of your access provider.<\/li><\/ul><p>We process this data for the following purposes:<\/p><ul><li>Ensuring a smooth connection to the website,<\/li><\/ul><ul><li>Ensuring comfortable use of our website,<\/li><li>Web analytics and statistics,<\/li><li>Evaluation of system security and stability, and<\/li><li>For other administrative<\/li><\/ul><p>This data processing is carried out in accordance with Article 6 Paragraph 1 Sentence 1 Letter f of the GDPR. Our legitimate interest lies in achieving the aforementioned purposes for data collection.<\/p><p>Under no circumstances do we use the collected data to draw conclusions about your identity. Furthermore, cookies are used when you visit our website. You can find more detailed explanations in sections 4 and 5 of this privacy policy.<\/p><h3>3.\u00a0 Use of our &#8220;Contact&#8221; button<\/h3><p>If you have any questions for us, you can contact us by email using the &#8220;Contact&#8221; button on our website. To know who the question is from and to whom we should reply, we require a valid email address, nothing more. You can, however, provide additional information voluntarily. Data processing for the purpose of contacting us is based on your voluntary consent in accordance with Article 6 Paragraph 1 Sentence 1 Letter a of the GDPR.<\/p><p>We never transfer your personal data to third parties. We only analyze data access to ensure the technical functionality of the website.<\/p><p>We would only share your personal data with third parties if:<\/p><ul><li>you have expressly given your consent in accordance with Article 6(1)(a) GDPR,<\/li><li>disclosure is necessary because there is a legal obligation to do so in accordance with Article 6(1)(c)<\/li><\/ul><p>We use cookies on our website. When you visit our website, these small files are activated, automatically created by your browser, and stored on your device (e.g., laptop, tablet, smartphone, etc.). To further clarify: Cookies do not contain Trojans, viruses, worms, or other malware and do not otherwise harm your device. Information is stored in the cookie that is automatically generated and related to the specific device used. The cookie does not directly reveal your identity to us. Cookies primarily serve the following functions: They are intended to improve your experience on our website. For example, we use cookies that recognize that you have already visited certain pages of our website. These so-called session cookies are automatically deleted when you leave our site. To further optimize user-friendliness, we also use cookies that are stored on your device for a specific, predetermined period. When you revisit our site to use our information and services, these cookies automatically recognize that you have already visited our pages and remember your previous entries and settings. The purpose of these cookies is to save you from having to re-enter these details. You can configure your browser to prevent cookies from being stored on your computer or to always display a notification before a new cookie is created. However, completely disabling cookies may prevent you from using all the features of our website.<\/p><p>Finally, we use cookies so that our provider can statistically record and analyze how our websites are used. This data collection and analysis helps our provider to further improve its services (see also section 5). These cookies are automatically deleted after a defined period. Data processing via cookies is carried out for the purposes listed above. It thus serves to protect our legitimate interests and, where applicable, the legitimate interests of third parties, in accordance with Article 6(1)(f) GDPR.<\/p><p>Most browsers accept cookies automatically. However, please note again that you can configure your browser to prevent cookies from being stored on your computer or to always display a notification before a new cookie is created.<\/p><h3>4.\u00a0 Data Subject Rights<\/h3><p>In accordance with Article 15 of the GDPR, you have the right to request information about your personal data processed by us, in particular about the purposes for which the personal data are processed and, where possible, how long they are stored, who the recipients of the personal data are, the logic involved in the automated processing of personal data, and the consequences of such processing, at least in cases where the processing is based on profiling.<\/p><p>In accordance with Article 16 of the GDPR, you have the right to request the immediate rectification of inaccurate personal data concerning you. You also have the right to request the completion of incomplete personal data, including by means of a supplementary statement.<\/p><p>In accordance with Article 17 of the GDPR, you have the right to request the erasure of your personal data stored by us, unless processing is necessary for exercising the right of freedom of expression and information, for compliance with a legal obligation, for reasons of public interest, or for the establishment, exercise, or defense of legal claims.<\/p><p>In accordance with Article 18 GDPR, you can request the restriction of the processing of your personal data if you contest the accuracy of the data, or if the processing is unlawful and we no longer need the data, but you require the data for the establishment, exercise or defense of legal claims, or if you have objected to the processing in accordance with Article 21 GDPR.<\/p><p>In accordance with Article 7(3) GDPR, you can withdraw your consent at any time. However, this does not affect the lawfulness of processing based on consent before its withdrawal.<\/p><p>In accordance with Article 77 GDPR, you have the right to lodge a complaint with a supervisory authority in your place of habitual residence, your place of work, or the place of the alleged infringement.<\/p><p>In accordance with Article 21 GDPR, you have the right to object to the processing of your personal data if we process your personal data based on legitimate interests pursuant to Article 6(1)(f) GDPR and we cannot demonstrate compelling legitimate grounds for the processing. If you wish to exercise your right to withdraw consent or object, simply send an email to <a href=\"mailto:redaktion@equi-news.de\">redaktion@equi-news.de<\/a>.<\/p><h3>5.\u00a0 Data Security<\/h3><p>We use appropriate technical and organizational security measures through our provider to protect your data against accidental or intentional manipulation, partial or complete loss, destruction, or unauthorized access by third parties. These security measures are continuously improved in line with technological developments.<\/p><h3>6.\u00a0 Validity and Amendments to this Privacy Policy<\/h3><p>This Privacy Policy is currently valid and was last updated in February 2026. This does not preclude future amendments due to technical, legal, or regulatory requirements.<\/p><p><strong>Datenschutzerkl\u00e4rung<\/strong><\/p><h4>1.\u00a0 Name und Kontaktdaten des f\u00fcr die Verarbeitung<\/h4><p>Diese Datenschutz-Information gilt f\u00fcr die Datenverarbeitung durch: Equi-News.de \/ Equi-News.com \/ Equi-News.ae,<\/p><p>powered by be\u00b0st media Pressedienst \u2666 J\u00f6rg Stils \u2666 Reinerstra\u00dfe 3 \u2666 D-40593 D\u00fcsseldorf<\/p><h4>2.\u00a0 Erhebung und Speicherung personenbezogener Daten sowie Art und Zweck der Verwendung dieser Daten<\/h4><p>Wenn Sie unsere Website <a href=\"http:\/\/www.equi-news.de\/ww.equi-news.com\/\">http:\/\/www.equi-news.de\/ww.equi-news.com \/<\/a> <a href=\"http:\/\/www.equi-news.ae\/\">www.equi-news.ae<\/a> aufrufen, werden durch den Browser, der auf Ihrem Endger\u00e4t genutzt wird, automatisch Informationen an den Server unserer Website geschickt. Diese Informationen werden vor\u00fcbergehend in einer Protokolldatei (Logfile) gespeichert. Die nachfolgenden Informationen werden dabei ohne Ihr Zutun erfasst und bis zur automatisierten L\u00f6schung gespeichert:<\/p><ul><li>IP-Adresse des anfragenden Rechners,<\/li><li>Datum und Uhrzeit des Zugriffs<\/li><li>Name und URL der abgerufenen Datei<\/li><li>Website, von der aus der Zugriff erfolgt (Referrer-URL)<\/li><li>verwendeter Browser und das Betriebssystem Ihres Rechners sowie der Name Ihres Access-Providers.<\/li><\/ul><p>Die genannten Daten werden von uns zu folgenden Zwecken verarbeitet<\/p><ul><li>Gew\u00e4hrleistung eines reibungslosen Verbindungsaufbaus der Website,<\/li><li>Gew\u00e4hrleistung einer komfortablen Nutzung unserer Website<\/li><li>Webanalyse und -statistik<\/li><li>Auswertung der Systemsicherheit und -stabilit\u00e4t sowie<\/li><li>zu weiteren administrativen<\/li><\/ul><p>Diese Datenverarbeitung erfolgt nach Art. 6 Abs. 1 S. 1 lit. f DSGVO. Unser berechtigtes Interesse besteht darin, die oben genannte Zwecke zur Datenerhebung zu erreichen. Wir nutzen in keinem Fall die erhobenen Daten zu dem Zweck, R\u00fcckschl\u00fcsse auf Ihre Person zu ziehen.<\/p><p>Dar\u00fcber hinaus werden bei einem Besuch unserer Website Cookies eingesetzt. N\u00e4here Erl\u00e4uterungen dazu erhalten Sie unter den Ziff. 4 und 5 dieser Datenschutzinformation.<\/p><h4>3.\u00a0 Nutzung unseres Buttons \u201eKontakt<\/h4><p>Wenn Sie Fragen an uns haben, k\u00f6nnen Sie sich mittels des von uns auf unserer Website Buttons<\/p><p>\u201eKontakt\u201c per E-Mail an uns wenden und so mit uns Kontakt aufnehmen..Damit wir wissen, von wem die Frage stammt und wem wir antworten sollen, ben\u00f6tigen wir die Angabe einer g\u00fcltigen E-Mail- Adresse, mehr nicht. Sie k\u00f6nnen aber weitere Angaben freiwillig machen. Die Daten-verarbeitung zum Zwecke der Kontaktaufnahme mit uns erfolgt auf Grundlage Ihrer freiwilligen Einwilligung nach Art. 6 Abs. 1 S. 1 lit. a DSGVO.<\/p><p>Wir \u00fcbermitteln zu keiner Zeit Ihre pers\u00f6nlichen Daten an Dritte. Eine Auswertung der Datenzugriffe durch uns erfolgt nur zur Sicherstellung der technischen Funktionalit\u00e4t der Seite.<\/p><p>Wir w\u00fcrden Ihre pers\u00f6nlichen Daten nur dann an Dritte weitergeben, wenn<\/p><ul><li>Sie ausdr\u00fccklich dazu Ihre Einwilligung auf der Grundlage des 6 Abs. 1 S. 1 lit. a DSGVO erteilt haben,<\/li><li>die Weitergabe erfolgen muss, weil nach 6 Abs. 1 S. 1 lit. c DSGVO eine gesetzliche Verpflichtung dazu besteht.<\/li><\/ul><p>Wir setzen auf unserer Seite Cookies ein. Wenn Sie unsere Website besuchen, werden diese kleinen Dateien aktiviert, die von Ihrem Browser automatisch erstellt und die auf Ihrem Endger\u00e4t (z.B. Laptop, Tablet, Smartphone o.\u00e4.) gespeichert werden. Zur weiteren Erkl\u00e4rung: Cookies enthalten keine Trojaner, Viren, W\u00fcrmer oder sonstige Schadsoftware und richten auf Ihrem Endger\u00e4t auch sonst keinen Schaden an. In dem Cookie werden Informationen abgelegt, die sich automatisch und jeweils im Zusammenhang mit dem spezifisch eingesetzten Endger\u00e4t ergeben. Das Cookie f\u00fchrt nicht dazu, uns unmittelbar Ihre Identit\u00e4t offenzulegen. Cookies haben vor allem folgende Funktionen: Durch den Einsatz von Cookies sollen Sie unser Angebot besser nutzen k\u00f6nnen. Zum einen dienen Cookies diesem Zweck. Deswegen setzen wir z.B. Cookies ein, mit denen erkannt werden kann, dass Sie einzelne Seiten unserer Website bereits besucht haben. Diese sogenannten Session-Cookies werden automatisch gel\u00f6scht, wenn Sie unsere Seiten verlassen haben. Ebenfalls um die Benutzerfreundlichkeit optimal zu gestalten, setzen wir dar\u00fcber hinaus Cookies ein, die auf Ihrem Endger\u00e4t f\u00fcr einen bestimmten festgelegten Zeitraum gespeichert werden. Wenn Sie dann unsere Seite erneut besuchen, um unsere Informationen und Dienste in Anspruch zu nehmen, erkennen diese Cookies automatisch, dass Sie bereits unsere Seiten aufgesucht und welche Eingaben und Einstellungen sie get\u00e4tigt haben. Zweck dieser Cookies ist es, solche Eingaben und Einstellungen nicht erneut t\u00e4tigen zu m\u00fcssen. Sie k\u00f6nnen Ihren Browser jedoch so einstellen, dass keine Cookies auf Ihrem Computer gespeichert werden oder stets ein Hinweis erscheint, bevor ein neuer Cookie angelegt wird. Wenn Sie aber Cookies vollst\u00e4ndig deaktivieren, kann das dazu f\u00fchren, dass Sie nicht alle Funktionen unserer Website nutzen k\u00f6nnen.<\/p><p>Schlie\u00dflich nutzen wir Cookies, damit unser Provider statistisch erfassen und auswerten kann, wie unsere Websites genutzt werden. Diese Erfassung und Auswertung dient unserem Provider dazu, seine Angebote weiter zu verbessern. (siehe auch Ziff. 5). Solche Cookies werden nach einem jeweils definierten Zeitraum automatisch gel\u00f6scht. Die Datenverarbeitung durch Cookies erfolgt f\u00fcr die vorstehend aufgef\u00fchrten Zwecke. Sie dient damit der Wahrung unserer berechtigten Interessen sowie ggf. den berechtigten Interessen Dritter nach Art. 6 Abs. 1 S. 1 lit. f DSGVO.<\/p><p>Die meisten Browser akzeptieren Cookies automatisch. Erneut aber der Hinweis, dass Sie Ihren Browser so einrichten k\u00f6nnen, dass keine Cookies auf Ihrem Computer gespeichert werden oder stets ein Hinweis erscheint, bevor ein neuer Cookie angelegt wird.<\/p><h3>4.\u00a0 Betroffenenrechte<\/h3><p>Sie k\u00f6nnen gem\u00e4\u00df Art. 15 DSGVO Auskunft \u00fcber Ihre von uns verarbeiteten personenbezogenen Daten verlangen, insbesondere dar\u00fcber, zu welchen Zwecken die personenbezogenen Daten verarbeitet werden und, wenn m\u00f6glich, wie lange sie gespeichert werden, wer die Empf\u00e4nger der personenbezogenen Daten sind, nach welcher Logik die automatische Verarbeitung personenbezogener Daten erfolgt und welche Folgen eine solche Verarbeitung haben kann, zumindest in F\u00e4llen, in denen die Verarbeitung auf Profiling beruht.<\/p><p>Sie haben gem\u00e4\u00df Art 16 DSGVO das Recht, unverz\u00fcglich die Berichtigung Sie betreffender unrichtiger personenbezogener Daten zu verlangen. Sie haben auch das Recht, die Vervollst\u00e4ndigung unvollst\u00e4ndiger personenbezogener Daten \u2013 auch mittels einer erg\u00e4nzenden Erkl\u00e4rung \u2013 zu verlangen.<\/p><p>Sie k\u00f6nnen gem\u00e4\u00df Art. 17 DSGVO die L\u00f6schung Ihrer bei uns gespeicherten personenbezogenen Daten verlangen, soweit nicht die Verarbeitung zur Aus\u00fcbung des Rechts auf freie Meinungs\u00e4u\u00dferung und Information, zur Erf\u00fcllung einer rechtlichen Verpflichtung, aus Gr\u00fcnden des \u00f6ffentlichen Interesses oder zur Geltendmachung, Aus\u00fcbung oder Verteidigung von Rechtsanspr\u00fcchen erforderlich ist;<\/p><p>Sie k\u00f6nnen gem\u00e4\u00df Art. 18 DSGVO die Beschr\u00e4nkung der Verarbeitung Ihrer personenbezogenen Daten verlangen, soweit Sie die Richtigkeit der Daten bestreiten oder die Verarbeitung unrechtm\u00e4\u00dfig und wir die Daten nicht mehr ben\u00f6tigen, Sie jedoch die Daten zur Geltendmachung, Aus\u00fcbung oder Verteidigung von Rechtsanspr\u00fcchen ben\u00f6tigen oder wenn Sie gem\u00e4\u00df Art. 21 DSGVO Widerspruch gegen die Verarbeitung eingelegt haben.<\/p><p>Sie haben gem\u00e4\u00df Art 20 DSVO das Recht, die Sie betreffenden personenbezogenen Daten, die sie uns bereitgestellt haben, in einem strukturierten, g\u00e4ngigen und maschinenlesbaren Format zu erhalten, und Sie haben das Recht, diese Daten einem anderen Verantwortlichen ohne Behinderung durch uns, zu \u00fcbermitteln.<\/p><p>Sie k\u00f6nnen gem\u00e4\u00df Art. 7 Abs. 3 DSGVO Ihre einmal erteilte Einwilligung jederzeit gegen\u00fcber uns widerrufen. Dadurch wird aber die Rechtm\u00e4\u00dfigkeit der Verarbeitung bis zum Widerruf nicht ber\u00fchrt. Sie haben gem\u00e4\u00df Art. 77 DSGVO das Recht, sich bei einer Aufsichtsbeh\u00f6rde ihres gew\u00f6hnlichen Aufenthaltsorts, ihres Arbeitsplatzes oder des Orts des mutma\u00dflichen Versto\u00dfes zu beschweren.<\/p><p>Sie haben das Recht, gem\u00e4\u00df Art. 21 DSGVO Widerspruch gegen die Verarbeitung Ihrer personenbezogenen Daten zu erheben, sofern Ihre personenbezogenen Daten von uns auf der Basis berechtigter Interessen gem\u00e4\u00df Art. 6 Abs. 1 S. 1 lit. f DSGVO verarbeitet und von uns keine zwingenden schutzw\u00fcrdigen Gr\u00fcnde f\u00fcr die Verarbeitung nachgewiesen werden M\u00f6chten Sie von Ihrem Widerrufs- oder Widerspruchsrecht Gebrauch machen, gen\u00fcgt eine E-Mail an <a href=\"mailto:redaktion@equi-news.de\">redaktion@equi-<\/a> <a href=\"mailto:redaktion@equi-news.de\">news.de<\/a><\/p><p>\u00a0<\/p><h3>5.\u00a0 Datensicherheit<\/h3><p>Wir bedienen uns durch unseren Provider geeigneter technischer und organisatorischer Sicherheitsma\u00dfnahmen, um Ihre Daten gegen zuf\u00e4llige oder vors\u00e4tzliche Manipulationen, teilweisen oder vollst\u00e4ndigen Verlust, Zerst\u00f6rung oder gegen den unbefugten Zugriff Dritter zu sch\u00fctzen. Die Sicherheitsma\u00dfnahmen werden entsprechend der technologischen Entwicklung fortlaufend verbessert.<\/p><h3>6.\u00a0 Aktualit\u00e4t und \u00c4nderung dieser Datenschutzerkl\u00e4rung.<\/h3><p>Diese Datenschutzerkl\u00e4rung ist aktuell g\u00fcltig und hat den Stand Februar 2026. Das schlie\u00dft zuk\u00fcnftige \u00c4nderungen wegen technischer, gesetzlicher oder beh\u00f6rdlicher Vorgaben nicht aus.<\/p><\/div>\t\t\t\t\t\t\t\t<\/div>\n\t\t\t\t\t<\/div>\n\t\t\t\t<\/div>\n\t\t\t\t<\/div>","protected":false},"excerpt":{"rendered":"<p>Privacy Policy (For German see below the English text) 1.\u00a0 Name and Contact Details of the Data Controller This privacy [&hellip;]<\/p>\n","protected":false},"author":1,"featured_media":0,"parent":0,"menu_order":0,"comment_status":"closed","ping_status":"closed","template":"","meta":{"_EventAllDay":false,"_EventTimezone":"","_EventStartDate":"","_EventEndDate":"","_EventStartDateUTC":"","_EventEndDateUTC":"","_EventShowMap":false,"_EventShowMapLink":false,"_EventURL":"","_EventCost":"","_EventCostDescription":"","_EventCurrencySymbol":"","_EventCurrencyCode":"","_EventCurrencyPosition":"","_EventDateTimeSeparator":"","_EventTimeRangeSeparator":"","_EventOrganizerID":[],"_EventVenueID":[],"_OrganizerEmail":"","_OrganizerPhone":"","_OrganizerWebsite":"","_VenueAddress":"","_VenueCity":"","_VenueCountry":"","_VenueProvince":"","_VenueState":"","_VenueZip":"","_VenuePhone":"","_VenueURL":"","_VenueStateProvince":"","_VenueLat":"","_VenueLng":"","_VenueShowMap":false,"_VenueShowMapLink":false,"footnotes":""},"class_list":["post-263","page","type-page","status-publish","hentry"],"_links":{"self":[{"href":"https:\/\/equi-news.de\/de\/wp-json\/wp\/v2\/pages\/263","targetHints":{"allow":["GET"]}}],"collection":[{"href":"https:\/\/equi-news.de\/de\/wp-json\/wp\/v2\/pages"}],"about":[{"href":"https:\/\/equi-news.de\/de\/wp-json\/wp\/v2\/types\/page"}],"author":[{"embeddable":true,"href":"https:\/\/equi-news.de\/de\/wp-json\/wp\/v2\/users\/1"}],"replies":[{"embeddable":true,"href":"https:\/\/equi-news.de\/de\/wp-json\/wp\/v2\/comments?post=263"}],"version-history":[{"count":13,"href":"https:\/\/equi-news.de\/de\/wp-json\/wp\/v2\/pages\/263\/revisions"}],"predecessor-version":[{"id":278,"href":"https:\/\/equi-news.de\/de\/wp-json\/wp\/v2\/pages\/263\/revisions\/278"}],"wp:attachment":[{"href":"https:\/\/equi-news.de\/de\/wp-json\/wp\/v2\/media?parent=263"}],"curies":[{"name":"wp","href":"https:\/\/api.w.org\/{rel}","templated":true}]}}